{"id":2701,"date":"2025-12-13T13:14:44","date_gmt":"2025-12-13T11:14:44","guid":{"rendered":"https:\/\/shinho.eu\/?post_type=product&#038;p=2701"},"modified":"2025-12-13T13:39:13","modified_gmt":"2025-12-13T11:39:13","slug":"x-5004-optical-fiber-identifier","status":"publish","type":"product","link":"https:\/\/shinho.eu\/el\/product\/x-5004-optical-fiber-identifier\/","title":{"rendered":"X-5004 \u00a0Optical Fiber Identifier"},"content":{"rendered":"<div data-aos= \"fade-up\" data-aos-duration=\"400\" data-aos-delay=\"0\" data-aos-easing=\"ease\" data-aos-once=\"true\" class=\"wp-block-uagb-container section-inner-grey uagb-block-d772017b alignfull uagb-is-root-container\"><div class=\"uagb-container-inner-blocks-wrap\">\n<div class=\"wp-block-uagb-container uagb-block-a21eeb6d\">\n<figure class=\"wp-block-image size-full\"><img loading=\"lazy\" decoding=\"async\" width=\"413\" height=\"413\" src=\"https:\/\/shinho.eu\/wp-content\/uploads\/2025\/12\/x-5004.png\" alt=\"x 5004\" class=\"wp-image-2702\" srcset=\"https:\/\/shinho.eu\/wp-content\/uploads\/2025\/12\/x-5004.png 413w, https:\/\/shinho.eu\/wp-content\/uploads\/2025\/12\/x-5004-150x150.png 150w, https:\/\/shinho.eu\/wp-content\/uploads\/2025\/12\/x-5004-12x12.png 12w, https:\/\/shinho.eu\/wp-content\/uploads\/2025\/12\/x-5004-100x100.png 100w, https:\/\/shinho.eu\/wp-content\/uploads\/2025\/12\/x-5004-64x64.png 64w\" sizes=\"auto, (max-width: 413px) 100vw, 413px\" \/><\/figure>\n<\/div>\n\n\n\n<div class=\"wp-block-uagb-container uagb-block-7b652c9c\">\n<h3 class=\"wp-block-heading\">\u039b\u03b5\u03c0\u03c4\u03bf\u03bc\u03ad\u03c1\u03b5\u03b9\u03b5\u03c2<\/h3>\n\n\n\n<div class=\"wp-block-uagb-container uagb-block-aa860b5d alignfull uagb-is-root-container\">\n<div class=\"wp-block-uagb-container uagb-block-451ee204\">      \n\t\t\t<div class=\"uagb-icon-wrapper uagb-block-fda21f75\"\n\t\t\tstyle=\"\" >\n\t\t\t\t\t\t\t\t\t<span class=\"uagb-svg-wrapper\" \n\t\t\t\t\t aria-label=\"Download Manual\"\t\t\t\t\ttabindex=\"0\">\t\t\n\t\t\t\t\t\t\t\t\t\t<a rel=\"noopener noreferrer\" href=\"https:\/\/shinho.eu\/wp-content\/uploads\/2025\/12\/X-5004-Optical-Fiber-Identifier.pdf\" target=\"_blank\"><svg xmlns=\"https:\/\/www.w3.org\/2000\/svg\" viewbox= \"0 0 384 512\" role=\"graphics-symbol\" aria-hidden=\"false\" aria-label=\"Download Manual\"><path d=\"M88 304H80V256H88C101.3 256 112 266.7 112 280C112 293.3 101.3 304 88 304zM192 256H200C208.8 256 216 263.2 216 272V336C216 344.8 208.8 352 200 352H192V256zM224 0V128C224 145.7 238.3 160 256 160H384V448C384 483.3 355.3 512 320 512H64C28.65 512 0 483.3 0 448V64C0 28.65 28.65 0 64 0H224zM64 224C55.16 224 48 231.2 48 240V368C48 376.8 55.16 384 64 384C72.84 384 80 376.8 80 368V336H88C118.9 336 144 310.9 144 280C144 249.1 118.9 224 88 224H64zM160 368C160 376.8 167.2 384 176 384H200C226.5 384 248 362.5 248 336V272C248 245.5 226.5 224 200 224H176C167.2 224 160 231.2 160 240V368zM288 224C279.2 224 272 231.2 272 240V368C272 376.8 279.2 384 288 384C296.8 384 304 376.8 304 368V320H336C344.8 320 352 312.8 352 304C352 295.2 344.8 288 336 288H304V256H336C344.8 256 352 248.8 352 240C352 231.2 344.8 224 336 224H288zM256 0L384 128H256V0z\"><\/path><\/svg><\/a>\n\t\t\t\t\t\t\t\t\t<\/span>\n\t\t\t\t\t\t\t<\/div>\n\t\t\t<\/div>\n\n\n\n<div class=\"wp-block-uagb-container uagb-block-a1cedba3\">\n<p><a href=\"https:\/\/shinho.eu\/wp-content\/uploads\/2025\/12\/X-5004-Optical-Fiber-Identifier.pdf\" target=\"_blank\" rel=\"noreferrer noopener\">\u039b\u03ae\u03c8\u03b7 \u0391\u03c1\u03c7\u03b5\u03af\u03bf\u03c5 \u0394\u03b5\u03b4\u03bf\u03bc\u03ad\u03bd\u03c9\u03bd<\/a><\/p>\n<\/div>\n<\/div>\n<\/div>\n<\/div><\/div>\n\n\n\n<h2 class=\"wp-block-heading has-text-align-center\">\u03a0\u03c1\u03bf\u03b4\u03b9\u03b1\u03b3\u03c1\u03b1\u03c6\u03ad\u03c2<\/h2>\n\n\n\n<figure class=\"wp-block-table\"><table class=\"has-fixed-layout\"><tbody><tr><td>Identified Wavelength Range<\/td><td colspan=\"2\">800-1700nm<\/td><\/tr><tr><td>Identified Signal Type<\/td><td colspan=\"2\">CW, 270Hz\u00b15%\uff0c1kHz\u00b15%\uff0c2kHz\u00b15%<\/td><\/tr><tr><td>\u03a4\u03cd\u03c0\u03bf\u03c2 \u03b1\u03bd\u03b9\u03c7\u03bd\u03b5\u03c5\u03c4\u03ae<\/td><td colspan=\"2\">InGaAs 2pcs<\/td><\/tr><tr><td>Adapter Type<\/td><td colspan=\"2\">\u00d80.25 \/ \u00d80.9\/ \u00d82.0\/\u00d83.0<\/td><\/tr><tr><td>Signal Direction<\/td><td colspan=\"2\">Left &amp; Right LED<\/td><\/tr><tr><td rowspan=\"2\">Singe Direction Test Range (dBm, CW\/0.9mm bare fiber)<\/td><td colspan=\"2\">-46~10(1310nm)<\/td><\/tr><tr><td colspan=\"2\">-50~10(1550nm)<\/td><\/tr><tr><td>Signal Power Test Range &nbsp;<\/td><td colspan=\"2\">-50~+10(dBm,CW\/0.9mm bare fiber)<\/td><\/tr><tr><td>Signal Frequency Display (Hz)<\/td><td colspan=\"2\">270, 1k, 2k<\/td><\/tr><tr><td rowspan=\"4\">Frequency Test Range (dBm, Average Value)<\/td><td rowspan=\"2\">\u00d80.9, \u00d82.0, \u00d83.0<\/td><td>-30~0 (270Hz,1kHz)<\/td><\/tr><tr><td>-25~0 (2kHz)<\/td><\/tr><tr><td rowspan=\"2\">0.25<\/td><td>-25~0 (1kHz,2kHz)<\/td><\/tr><tr><td>-20~0 (2kHz)<\/td><\/tr><tr><td rowspan=\"2\">Insertion Loss (dB, Typical Value)<\/td><td colspan=\"2\">0.8 (1310nm)<\/td><\/tr><tr><td colspan=\"2\">2.5 (1550nm)<\/td><\/tr><tr><td>Alkaline Battery<\/td><td colspan=\"2\">9V<\/td><\/tr><tr><td>Operating Temperature<\/td><td colspan=\"2\">-10\u2103~\uff0b60\u2103<\/td><\/tr><tr><td>Storage Temperature<\/td><td colspan=\"2\">-25\u2103~\uff0b75\u2103<\/td><\/tr><tr><td>\u0394\u03b9\u03b1\u03c3\u03c4\u03ac\u03c3\u03b5\u03b9\u03c2\/\u0392\u03ac\u03c1\u03bf\u03c2<\/td><td colspan=\"2\">195X30X27mm\/200g<\/td><\/tr><tr><td>\u03a0\u03b5\u03c1\u03b9\u03b5\u03c7\u03cc\u03bc\u03b5\u03bd\u03b1 \u03c3\u03c5\u03c3\u03ba\u03b5\u03c5\u03b1\u03c3\u03af\u03b1\u03c2<\/td><td colspan=\"2\">X-5004 fiber identifier; user manual; fifiber adapter; soft carrying bag &nbsp;<\/td><\/tr><\/tbody><\/table><\/figure>","protected":false},"excerpt":{"rendered":null,"protected":false},"featured_media":2703,"comment_status":"closed","ping_status":"closed","template":"","meta":{"_uag_custom_page_level_css":""},"product_brand":[],"product_cat":[19],"product_tag":[],"class_list":{"0":"post-2701","1":"product","2":"type-product","3":"status-publish","4":"has-post-thumbnail","6":"product_cat-test-n-measurement","8":"first","9":"instock","10":"shipping-taxable","11":"product-type-simple"},"yoast_head":"<!-- This site is optimized with the Yoast SEO plugin v27.3 - https:\/\/yoast.com\/product\/yoast-seo-wordpress\/ -->\n<title>X-5004 \u00a0Optical Fiber Identifier - Shinho<\/title>\n<meta name=\"robots\" content=\"index, follow, max-snippet:-1, max-image-preview:large, max-video-preview:-1\" \/>\n<link rel=\"canonical\" href=\"https:\/\/shinho.eu\/el\/product\/x-5004-optical-fiber-identifier\/\" \/>\n<meta property=\"og:locale\" content=\"el_GR\" \/>\n<meta property=\"og:type\" content=\"article\" \/>\n<meta property=\"og:title\" content=\"X-5004 \u00a0Optical Fiber Identifier - Shinho\" \/>\n<meta property=\"og:description\" content=\"FEATURES  Digital display relative optical power Online fiber testing Identifies 3 common test tones,270Hz,1kHz and 2kHz Identifies 3 dominant traffic direction, audible alarm Low false detection &amp; insertion loss Low power consumption, portable and easy to operation Equipped with a hood to test more accurately outdoors Provide corresponding adapter for 250\u03bcm bare fiber, 0.9mm\/2mm\/3mm patch cord\" \/>\n<meta property=\"og:url\" content=\"https:\/\/shinho.eu\/el\/product\/x-5004-optical-fiber-identifier\/\" \/>\n<meta property=\"og:site_name\" content=\"Shinho\" \/>\n<meta property=\"article:modified_time\" content=\"2025-12-13T11:39:13+00:00\" \/>\n<meta property=\"og:image\" content=\"https:\/\/shinho.eu\/wp-content\/uploads\/2025\/12\/a5b7f6329d277fe004af1bbb727e9af0.png\" \/>\n\t<meta property=\"og:image:width\" content=\"800\" \/>\n\t<meta property=\"og:image:height\" content=\"800\" \/>\n\t<meta property=\"og:image:type\" content=\"image\/png\" \/>\n<meta name=\"twitter:card\" content=\"summary_large_image\" \/>\n<meta name=\"twitter:label1\" content=\"\u0395\u03ba\u03c4\u03b9\u03bc\u03ce\u03bc\u03b5\u03bd\u03bf\u03c2 \u03c7\u03c1\u03cc\u03bd\u03bf\u03c2 \u03b1\u03bd\u03ac\u03b3\u03bd\u03c9\u03c3\u03b7\u03c2\" \/>\n\t<meta name=\"twitter:data1\" content=\"1 \u03bb\u03b5\u03c0\u03c4\u03cc\" \/>\n<script type=\"application\/ld+json\" class=\"yoast-schema-graph\">{\"@context\":\"https:\\\/\\\/schema.org\",\"@graph\":[{\"@type\":\"WebPage\",\"@id\":\"https:\\\/\\\/shinho.eu\\\/product\\\/x-5004-optical-fiber-identifier\\\/\",\"url\":\"https:\\\/\\\/shinho.eu\\\/product\\\/x-5004-optical-fiber-identifier\\\/\",\"name\":\"X-5004 \u00a0Optical Fiber Identifier - Shinho\",\"isPartOf\":{\"@id\":\"https:\\\/\\\/shinho.eu\\\/#website\"},\"primaryImageOfPage\":{\"@id\":\"https:\\\/\\\/shinho.eu\\\/product\\\/x-5004-optical-fiber-identifier\\\/#primaryimage\"},\"image\":{\"@id\":\"https:\\\/\\\/shinho.eu\\\/product\\\/x-5004-optical-fiber-identifier\\\/#primaryimage\"},\"thumbnailUrl\":\"https:\\\/\\\/shinho.eu\\\/wp-content\\\/uploads\\\/2025\\\/12\\\/a5b7f6329d277fe004af1bbb727e9af0.png\",\"datePublished\":\"2025-12-13T11:14:44+00:00\",\"dateModified\":\"2025-12-13T11:39:13+00:00\",\"breadcrumb\":{\"@id\":\"https:\\\/\\\/shinho.eu\\\/product\\\/x-5004-optical-fiber-identifier\\\/#breadcrumb\"},\"inLanguage\":\"el\",\"potentialAction\":[{\"@type\":\"ReadAction\",\"target\":[\"https:\\\/\\\/shinho.eu\\\/product\\\/x-5004-optical-fiber-identifier\\\/\"]}]},{\"@type\":\"ImageObject\",\"inLanguage\":\"el\",\"@id\":\"https:\\\/\\\/shinho.eu\\\/product\\\/x-5004-optical-fiber-identifier\\\/#primaryimage\",\"url\":\"https:\\\/\\\/shinho.eu\\\/wp-content\\\/uploads\\\/2025\\\/12\\\/a5b7f6329d277fe004af1bbb727e9af0.png\",\"contentUrl\":\"https:\\\/\\\/shinho.eu\\\/wp-content\\\/uploads\\\/2025\\\/12\\\/a5b7f6329d277fe004af1bbb727e9af0.png\",\"width\":800,\"height\":800,\"caption\":\"a5b7f6329d277fe004af1bbb727e9af0\"},{\"@type\":\"BreadcrumbList\",\"@id\":\"https:\\\/\\\/shinho.eu\\\/product\\\/x-5004-optical-fiber-identifier\\\/#breadcrumb\",\"itemListElement\":[{\"@type\":\"ListItem\",\"position\":1,\"name\":\"Home\",\"item\":\"https:\\\/\\\/shinho.eu\\\/\"},{\"@type\":\"ListItem\",\"position\":2,\"name\":\"Shop\",\"item\":\"https:\\\/\\\/shinho.eu\\\/shop\\\/\"},{\"@type\":\"ListItem\",\"position\":3,\"name\":\"X-5004 \u00a0Optical Fiber Identifier\"}]},{\"@type\":\"WebSite\",\"@id\":\"https:\\\/\\\/shinho.eu\\\/#website\",\"url\":\"https:\\\/\\\/shinho.eu\\\/\",\"name\":\"Shinho\",\"description\":\"\",\"potentialAction\":[{\"@type\":\"SearchAction\",\"target\":{\"@type\":\"EntryPoint\",\"urlTemplate\":\"https:\\\/\\\/shinho.eu\\\/?s={search_term_string}\"},\"query-input\":{\"@type\":\"PropertyValueSpecification\",\"valueRequired\":true,\"valueName\":\"search_term_string\"}}],\"inLanguage\":\"el\"}]}<\/script>\n<!-- \/ Yoast SEO plugin. -->","yoast_head_json":{"title":"X-5004 \u00a0Optical Fiber Identifier - Shinho","robots":{"index":"index","follow":"follow","max-snippet":"max-snippet:-1","max-image-preview":"max-image-preview:large","max-video-preview":"max-video-preview:-1"},"canonical":"https:\/\/shinho.eu\/el\/product\/x-5004-optical-fiber-identifier\/","og_locale":"el_GR","og_type":"article","og_title":"X-5004 \u00a0Optical Fiber Identifier - Shinho","og_description":"FEATURES  Digital display relative optical power Online fiber testing Identifies 3 common test tones,270Hz,1kHz and 2kHz Identifies 3 dominant traffic direction, audible alarm Low false detection &amp; insertion loss Low power consumption, portable and easy to operation Equipped with a hood to test more accurately outdoors Provide corresponding adapter for 250\u03bcm bare fiber, 0.9mm\/2mm\/3mm patch cord","og_url":"https:\/\/shinho.eu\/el\/product\/x-5004-optical-fiber-identifier\/","og_site_name":"Shinho","article_modified_time":"2025-12-13T11:39:13+00:00","og_image":[{"width":800,"height":800,"url":"https:\/\/shinho.eu\/wp-content\/uploads\/2025\/12\/a5b7f6329d277fe004af1bbb727e9af0.png","type":"image\/png"}],"twitter_card":"summary_large_image","twitter_misc":{"\u0395\u03ba\u03c4\u03b9\u03bc\u03ce\u03bc\u03b5\u03bd\u03bf\u03c2 \u03c7\u03c1\u03cc\u03bd\u03bf\u03c2 \u03b1\u03bd\u03ac\u03b3\u03bd\u03c9\u03c3\u03b7\u03c2":"1 \u03bb\u03b5\u03c0\u03c4\u03cc"},"schema":{"@context":"https:\/\/schema.org","@graph":[{"@type":"WebPage","@id":"https:\/\/shinho.eu\/product\/x-5004-optical-fiber-identifier\/","url":"https:\/\/shinho.eu\/product\/x-5004-optical-fiber-identifier\/","name":"X-5004 \u00a0Optical Fiber Identifier - Shinho","isPartOf":{"@id":"https:\/\/shinho.eu\/#website"},"primaryImageOfPage":{"@id":"https:\/\/shinho.eu\/product\/x-5004-optical-fiber-identifier\/#primaryimage"},"image":{"@id":"https:\/\/shinho.eu\/product\/x-5004-optical-fiber-identifier\/#primaryimage"},"thumbnailUrl":"https:\/\/shinho.eu\/wp-content\/uploads\/2025\/12\/a5b7f6329d277fe004af1bbb727e9af0.png","datePublished":"2025-12-13T11:14:44+00:00","dateModified":"2025-12-13T11:39:13+00:00","breadcrumb":{"@id":"https:\/\/shinho.eu\/product\/x-5004-optical-fiber-identifier\/#breadcrumb"},"inLanguage":"el","potentialAction":[{"@type":"ReadAction","target":["https:\/\/shinho.eu\/product\/x-5004-optical-fiber-identifier\/"]}]},{"@type":"ImageObject","inLanguage":"el","@id":"https:\/\/shinho.eu\/product\/x-5004-optical-fiber-identifier\/#primaryimage","url":"https:\/\/shinho.eu\/wp-content\/uploads\/2025\/12\/a5b7f6329d277fe004af1bbb727e9af0.png","contentUrl":"https:\/\/shinho.eu\/wp-content\/uploads\/2025\/12\/a5b7f6329d277fe004af1bbb727e9af0.png","width":800,"height":800,"caption":"a5b7f6329d277fe004af1bbb727e9af0"},{"@type":"BreadcrumbList","@id":"https:\/\/shinho.eu\/product\/x-5004-optical-fiber-identifier\/#breadcrumb","itemListElement":[{"@type":"ListItem","position":1,"name":"Home","item":"https:\/\/shinho.eu\/"},{"@type":"ListItem","position":2,"name":"Shop","item":"https:\/\/shinho.eu\/shop\/"},{"@type":"ListItem","position":3,"name":"X-5004 \u00a0Optical Fiber Identifier"}]},{"@type":"WebSite","@id":"https:\/\/shinho.eu\/#website","url":"https:\/\/shinho.eu\/","name":"Shinho","description":"","potentialAction":[{"@type":"SearchAction","target":{"@type":"EntryPoint","urlTemplate":"https:\/\/shinho.eu\/?s={search_term_string}"},"query-input":{"@type":"PropertyValueSpecification","valueRequired":true,"valueName":"search_term_string"}}],"inLanguage":"el"}]}},"uagb_featured_image_src":{"full":["https:\/\/shinho.eu\/wp-content\/uploads\/2025\/12\/a5b7f6329d277fe004af1bbb727e9af0.png",800,800,false],"thumbnail":["https:\/\/shinho.eu\/wp-content\/uploads\/2025\/12\/a5b7f6329d277fe004af1bbb727e9af0-150x150.png",150,150,true],"medium":["https:\/\/shinho.eu\/wp-content\/uploads\/2025\/12\/a5b7f6329d277fe004af1bbb727e9af0-450x450.png",450,450,true],"medium_large":["https:\/\/shinho.eu\/wp-content\/uploads\/2025\/12\/a5b7f6329d277fe004af1bbb727e9af0-768x768.png",768,768,true],"large":["https:\/\/shinho.eu\/wp-content\/uploads\/2025\/12\/a5b7f6329d277fe004af1bbb727e9af0.png",800,800,false],"1536x1536":["https:\/\/shinho.eu\/wp-content\/uploads\/2025\/12\/a5b7f6329d277fe004af1bbb727e9af0.png",800,800,false],"2048x2048":["https:\/\/shinho.eu\/wp-content\/uploads\/2025\/12\/a5b7f6329d277fe004af1bbb727e9af0.png",800,800,false],"trp-custom-language-flag":["https:\/\/shinho.eu\/wp-content\/uploads\/2025\/12\/a5b7f6329d277fe004af1bbb727e9af0-12x12.png",12,12,true],"woocommerce_thumbnail":["https:\/\/shinho.eu\/wp-content\/uploads\/2025\/12\/a5b7f6329d277fe004af1bbb727e9af0-450x450.png",450,450,true],"woocommerce_single":["https:\/\/shinho.eu\/wp-content\/uploads\/2025\/12\/a5b7f6329d277fe004af1bbb727e9af0-600x600.png",600,600,true],"woocommerce_gallery_thumbnail":["https:\/\/shinho.eu\/wp-content\/uploads\/2025\/12\/a5b7f6329d277fe004af1bbb727e9af0-100x100.png",100,100,true],"dgwt-wcas-product-suggestion":["https:\/\/shinho.eu\/wp-content\/uploads\/2025\/12\/a5b7f6329d277fe004af1bbb727e9af0-64x64.png",64,64,true]},"uagb_author_info":{"display_name":"Shinho Admin","author_link":"https:\/\/shinho.eu\/el\/author\/"},"uagb_comment_info":0,"uagb_excerpt":"FEATURES Digital display relative optical power Online fiber testing Identifies 3 common test tones,270Hz,1kHz and 2kHz Identifies 3 dominant traffic direction, audible alarm Low false detection &amp; insertion loss Low power consumption, portable and easy to operation Equipped with a hood to test more accurately outdoors Provide corresponding adapter for 250\u03bcm bare fiber, 0.9mm\/2mm\/3mm patch&hellip;","_links":{"self":[{"href":"https:\/\/shinho.eu\/el\/wp-json\/wp\/v2\/product\/2701","targetHints":{"allow":["GET"]}}],"collection":[{"href":"https:\/\/shinho.eu\/el\/wp-json\/wp\/v2\/product"}],"about":[{"href":"https:\/\/shinho.eu\/el\/wp-json\/wp\/v2\/types\/product"}],"replies":[{"embeddable":true,"href":"https:\/\/shinho.eu\/el\/wp-json\/wp\/v2\/comments?post=2701"}],"wp:featuredmedia":[{"embeddable":true,"href":"https:\/\/shinho.eu\/el\/wp-json\/wp\/v2\/media\/2703"}],"wp:attachment":[{"href":"https:\/\/shinho.eu\/el\/wp-json\/wp\/v2\/media?parent=2701"}],"wp:term":[{"taxonomy":"product_brand","embeddable":true,"href":"https:\/\/shinho.eu\/el\/wp-json\/wp\/v2\/product_brand?post=2701"},{"taxonomy":"product_cat","embeddable":true,"href":"https:\/\/shinho.eu\/el\/wp-json\/wp\/v2\/product_cat?post=2701"},{"taxonomy":"product_tag","embeddable":true,"href":"https:\/\/shinho.eu\/el\/wp-json\/wp\/v2\/product_tag?post=2701"}],"curies":[{"name":"wp","href":"https:\/\/api.w.org\/{rel}","templated":true}]}}